{"id":937,"date":"2021-09-17T11:34:24","date_gmt":"2021-09-17T09:34:24","guid":{"rendered":"https:\/\/comisl.com\/actividades-telecomunicaciones\/"},"modified":"2022-03-18T11:40:09","modified_gmt":"2022-03-18T10:40:09","slug":"activitats-telecomunicacions","status":"publish","type":"page","link":"https:\/\/comisl.com\/ca\/activitats-telecomunicacions\/","title":{"rendered":"Telecomunicacions"},"content":{"rendered":"<div class=\"wpb-content-wrapper\"><p>[vc_row][vc_column][vc_btn title=&#8221;Tornar enrere&#8221; i_icon_fontawesome=&#8221;fas fa-arrow-left&#8221; add_icon=&#8221;true&#8221; link=&#8221;url:https%3A%2F%2Fcomisl.com%2Fca%2Factivitats%2F|title:Activitats&#8221;][vc_empty_space][vc_column_text]<\/p>\n<h1>Instal\u00b7lacions de Telecomunicacions<\/h1>\n<ul>\n<li>Telefonia \u2013 Interfonia Televisi\u00f3 \u2013 Circuit tancat de televisi\u00f3<\/li>\n<li>Instal\u00b7lacions d\u2019emissi\u00f3 i recepci\u00f3<\/li>\n<li>Cablejat estructurat<\/li>\n<li>Fibra \u00d2ptica<\/li>\n<li>Radiofreq\u00fc\u00e8ncia<\/li>\n<li>Control de accessos<\/li>\n<li>Sistemes anti intrusi\u00f3<\/li>\n<\/ul>\n<p><a href=\"https:\/\/comisl.com\/ca\/contacte\/\">Escriu-nos<\/a> per a m\u00e9s informaci\u00f3[\/vc_column_text][\/vc_column][\/vc_row]<\/p>\n<\/div>","protected":false},"excerpt":{"rendered":"<p>[vc_row][vc_column][vc_btn title=&#8221;Tornar enrere&#8221; i_icon_fontawesome=&#8221;fas fa-arrow-left&#8221; add_icon=&#8221;true&#8221; link=&#8221;url:https%3A%2F%2Fcomisl.com%2Fca%2Factivitats%2F|title:Activitats&#8221;][vc_empty_space][vc_column_text] Instal\u00b7lacions de Telecomunicacions Telefonia \u2013 Interfonia Televisi\u00f3 \u2013 Circuit tancat de televisi\u00f3 Instal\u00b7lacions d\u2019emissi\u00f3 i recepci\u00f3 Cablejat estructurat Fibra \u00d2ptica Radiofreq\u00fc\u00e8ncia Control de accessos Sistemes anti intrusi\u00f3 Escriu-nos per a m\u00e9s informaci\u00f3[\/vc_column_text][\/vc_column][\/vc_row]<\/p>\n","protected":false},"author":2,"featured_media":0,"parent":0,"menu_order":0,"comment_status":"closed","ping_status":"closed","template":"","meta":{"footnotes":""},"class_list":["post-937","page","type-page","status-publish","hentry"],"yoast_head":"<!-- This site is optimized with the Yoast SEO plugin v27.3 - https:\/\/yoast.com\/product\/yoast-seo-wordpress\/ -->\n<title>Telecomunicacions - Comi SL<\/title>\n<meta name=\"robots\" content=\"index, follow, max-snippet:-1, max-image-preview:large, max-video-preview:-1\" \/>\n<link rel=\"canonical\" href=\"https:\/\/comisl.com\/ca\/activitats-telecomunicacions\/\" \/>\n<meta property=\"og:locale\" content=\"ca_ES\" \/>\n<meta property=\"og:type\" content=\"article\" \/>\n<meta property=\"og:title\" content=\"Telecomunicacions - Comi SL\" \/>\n<meta property=\"og:description\" content=\"[vc_row][vc_column][vc_btn title=&#8221;Tornar enrere&#8221; i_icon_fontawesome=&#8221;fas fa-arrow-left&#8221; add_icon=&#8221;true&#8221; link=&#8221;url:https%3A%2F%2Fcomisl.com%2Fca%2Factivitats%2F|title:Activitats&#8221;][vc_empty_space][vc_column_text] Instal\u00b7lacions de Telecomunicacions Telefonia \u2013 Interfonia Televisi\u00f3 \u2013 Circuit tancat de televisi\u00f3 Instal\u00b7lacions d\u2019emissi\u00f3 i recepci\u00f3 Cablejat estructurat Fibra \u00d2ptica Radiofreq\u00fc\u00e8ncia Control de accessos Sistemes anti intrusi\u00f3 Escriu-nos per a m\u00e9s informaci\u00f3[\/vc_column_text][\/vc_column][\/vc_row]\" \/>\n<meta property=\"og:url\" content=\"https:\/\/comisl.com\/ca\/activitats-telecomunicacions\/\" \/>\n<meta property=\"og:site_name\" content=\"Comi SL\" \/>\n<meta property=\"article:modified_time\" content=\"2022-03-18T10:40:09+00:00\" \/>\n<meta name=\"twitter:card\" content=\"summary_large_image\" \/>\n<meta name=\"twitter:label1\" content=\"Temps estimat de lectura\" \/>\n\t<meta name=\"twitter:data1\" content=\"1 minut\" \/>\n<script type=\"application\/ld+json\" class=\"yoast-schema-graph\">{\"@context\":\"https:\\\/\\\/schema.org\",\"@graph\":[{\"@type\":\"WebPage\",\"@id\":\"https:\\\/\\\/comisl.com\\\/ca\\\/activitats-telecomunicacions\\\/\",\"url\":\"https:\\\/\\\/comisl.com\\\/ca\\\/activitats-telecomunicacions\\\/\",\"name\":\"Telecomunicacions - Comi SL\",\"isPartOf\":{\"@id\":\"https:\\\/\\\/comisl.com\\\/#website\"},\"datePublished\":\"2021-09-17T09:34:24+00:00\",\"dateModified\":\"2022-03-18T10:40:09+00:00\",\"breadcrumb\":{\"@id\":\"https:\\\/\\\/comisl.com\\\/ca\\\/activitats-telecomunicacions\\\/#breadcrumb\"},\"inLanguage\":\"ca\",\"potentialAction\":[{\"@type\":\"ReadAction\",\"target\":[\"https:\\\/\\\/comisl.com\\\/ca\\\/activitats-telecomunicacions\\\/\"]}]},{\"@type\":\"BreadcrumbList\",\"@id\":\"https:\\\/\\\/comisl.com\\\/ca\\\/activitats-telecomunicacions\\\/#breadcrumb\",\"itemListElement\":[{\"@type\":\"ListItem\",\"position\":1,\"name\":\"Portada\",\"item\":\"https:\\\/\\\/comisl.com\\\/ca\\\/\"},{\"@type\":\"ListItem\",\"position\":2,\"name\":\"Telecomunicacions\"}]},{\"@type\":\"WebSite\",\"@id\":\"https:\\\/\\\/comisl.com\\\/#website\",\"url\":\"https:\\\/\\\/comisl.com\\\/\",\"name\":\"Comi SL\",\"description\":\"Servicios integrales de instalaciones, mantenimiento industrial e ingenier\u00eda.\",\"publisher\":{\"@id\":\"https:\\\/\\\/comisl.com\\\/#organization\"},\"potentialAction\":[{\"@type\":\"SearchAction\",\"target\":{\"@type\":\"EntryPoint\",\"urlTemplate\":\"https:\\\/\\\/comisl.com\\\/?s={search_term_string}\"},\"query-input\":{\"@type\":\"PropertyValueSpecification\",\"valueRequired\":true,\"valueName\":\"search_term_string\"}}],\"inLanguage\":\"ca\"},{\"@type\":\"Organization\",\"@id\":\"https:\\\/\\\/comisl.com\\\/#organization\",\"name\":\"Comi SL\",\"url\":\"https:\\\/\\\/comisl.com\\\/\",\"logo\":{\"@type\":\"ImageObject\",\"inLanguage\":\"ca\",\"@id\":\"https:\\\/\\\/comisl.com\\\/#\\\/schema\\\/logo\\\/image\\\/\",\"url\":\"https:\\\/\\\/comisl.com\\\/wp-content\\\/uploads\\\/2022\\\/01\\\/comi10x2.jpg\",\"contentUrl\":\"https:\\\/\\\/comisl.com\\\/wp-content\\\/uploads\\\/2022\\\/01\\\/comi10x2.jpg\",\"width\":350,\"height\":96,\"caption\":\"Comi SL\"},\"image\":{\"@id\":\"https:\\\/\\\/comisl.com\\\/#\\\/schema\\\/logo\\\/image\\\/\"}}]}<\/script>\n<!-- \/ Yoast SEO plugin. -->","yoast_head_json":{"title":"Telecomunicacions - Comi SL","robots":{"index":"index","follow":"follow","max-snippet":"max-snippet:-1","max-image-preview":"max-image-preview:large","max-video-preview":"max-video-preview:-1"},"canonical":"https:\/\/comisl.com\/ca\/activitats-telecomunicacions\/","og_locale":"ca_ES","og_type":"article","og_title":"Telecomunicacions - Comi SL","og_description":"[vc_row][vc_column][vc_btn title=&#8221;Tornar enrere&#8221; i_icon_fontawesome=&#8221;fas fa-arrow-left&#8221; add_icon=&#8221;true&#8221; link=&#8221;url:https%3A%2F%2Fcomisl.com%2Fca%2Factivitats%2F|title:Activitats&#8221;][vc_empty_space][vc_column_text] Instal\u00b7lacions de Telecomunicacions Telefonia \u2013 Interfonia Televisi\u00f3 \u2013 Circuit tancat de televisi\u00f3 Instal\u00b7lacions d\u2019emissi\u00f3 i recepci\u00f3 Cablejat estructurat Fibra \u00d2ptica Radiofreq\u00fc\u00e8ncia Control de accessos Sistemes anti intrusi\u00f3 Escriu-nos per a m\u00e9s informaci\u00f3[\/vc_column_text][\/vc_column][\/vc_row]","og_url":"https:\/\/comisl.com\/ca\/activitats-telecomunicacions\/","og_site_name":"Comi SL","article_modified_time":"2022-03-18T10:40:09+00:00","twitter_card":"summary_large_image","twitter_misc":{"Temps estimat de lectura":"1 minut"},"schema":{"@context":"https:\/\/schema.org","@graph":[{"@type":"WebPage","@id":"https:\/\/comisl.com\/ca\/activitats-telecomunicacions\/","url":"https:\/\/comisl.com\/ca\/activitats-telecomunicacions\/","name":"Telecomunicacions - Comi SL","isPartOf":{"@id":"https:\/\/comisl.com\/#website"},"datePublished":"2021-09-17T09:34:24+00:00","dateModified":"2022-03-18T10:40:09+00:00","breadcrumb":{"@id":"https:\/\/comisl.com\/ca\/activitats-telecomunicacions\/#breadcrumb"},"inLanguage":"ca","potentialAction":[{"@type":"ReadAction","target":["https:\/\/comisl.com\/ca\/activitats-telecomunicacions\/"]}]},{"@type":"BreadcrumbList","@id":"https:\/\/comisl.com\/ca\/activitats-telecomunicacions\/#breadcrumb","itemListElement":[{"@type":"ListItem","position":1,"name":"Portada","item":"https:\/\/comisl.com\/ca\/"},{"@type":"ListItem","position":2,"name":"Telecomunicacions"}]},{"@type":"WebSite","@id":"https:\/\/comisl.com\/#website","url":"https:\/\/comisl.com\/","name":"Comi SL","description":"Servicios integrales de instalaciones, mantenimiento industrial e ingenier\u00eda.","publisher":{"@id":"https:\/\/comisl.com\/#organization"},"potentialAction":[{"@type":"SearchAction","target":{"@type":"EntryPoint","urlTemplate":"https:\/\/comisl.com\/?s={search_term_string}"},"query-input":{"@type":"PropertyValueSpecification","valueRequired":true,"valueName":"search_term_string"}}],"inLanguage":"ca"},{"@type":"Organization","@id":"https:\/\/comisl.com\/#organization","name":"Comi SL","url":"https:\/\/comisl.com\/","logo":{"@type":"ImageObject","inLanguage":"ca","@id":"https:\/\/comisl.com\/#\/schema\/logo\/image\/","url":"https:\/\/comisl.com\/wp-content\/uploads\/2022\/01\/comi10x2.jpg","contentUrl":"https:\/\/comisl.com\/wp-content\/uploads\/2022\/01\/comi10x2.jpg","width":350,"height":96,"caption":"Comi SL"},"image":{"@id":"https:\/\/comisl.com\/#\/schema\/logo\/image\/"}}]}},"_links":{"self":[{"href":"https:\/\/comisl.com\/ca\/wp-json\/wp\/v2\/pages\/937","targetHints":{"allow":["GET"]}}],"collection":[{"href":"https:\/\/comisl.com\/ca\/wp-json\/wp\/v2\/pages"}],"about":[{"href":"https:\/\/comisl.com\/ca\/wp-json\/wp\/v2\/types\/page"}],"author":[{"embeddable":true,"href":"https:\/\/comisl.com\/ca\/wp-json\/wp\/v2\/users\/2"}],"replies":[{"embeddable":true,"href":"https:\/\/comisl.com\/ca\/wp-json\/wp\/v2\/comments?post=937"}],"version-history":[{"count":2,"href":"https:\/\/comisl.com\/ca\/wp-json\/wp\/v2\/pages\/937\/revisions"}],"predecessor-version":[{"id":942,"href":"https:\/\/comisl.com\/ca\/wp-json\/wp\/v2\/pages\/937\/revisions\/942"}],"wp:attachment":[{"href":"https:\/\/comisl.com\/ca\/wp-json\/wp\/v2\/media?parent=937"}],"curies":[{"name":"wp","href":"https:\/\/api.w.org\/{rel}","templated":true}]}}